{"id":5,"date":"2021-04-16T10:43:33","date_gmt":"2021-04-16T10:43:33","guid":{"rendered":"http:\/\/www.geridonusumtesisi.com\/?page_id=5"},"modified":"2021-04-17T11:06:30","modified_gmt":"2021-04-17T11:06:30","slug":"geri-donusum-tesisi","status":"publish","type":"page","link":"https:\/\/www.geridonusumtesisi.com\/","title":{"rendered":"Geri D\u00f6n\u00fc\u015f\u00fcm Tesisi"},"content":{"rendered":"\t\t<div data-elementor-type=\"wp-page\" data-elementor-id=\"5\" class=\"elementor elementor-5\" data-elementor-settings=\"[]\">\n\t\t\t\t\t\t\t<div class=\"elementor-section-wrap\">\n\t\t\t\t\t\t\t<section class=\"elementor-section elementor-top-section elementor-element elementor-element-1e54c50 elementor-section-full_width elementor-section-height-default elementor-section-height-default\" data-id=\"1e54c50\" data-element_type=\"section\">\n\t\t\t\t\t\t<div class=\"elementor-container elementor-column-gap-default\">\n\t\t\t\t\t<div class=\"elementor-column elementor-col-100 elementor-top-column elementor-element elementor-element-6ed853d\" data-id=\"6ed853d\" data-element_type=\"column\">\n\t\t\t<div class=\"elementor-widget-wrap elementor-element-populated\">\n\t\t\t\t\t\t\t\t<div class=\"elementor-element elementor-element-1b5a74d elementor-widget elementor-widget-image\" data-id=\"1b5a74d\" data-element_type=\"widget\" data-widget_type=\"image.default\">\n\t\t\t\t<div class=\"elementor-widget-container\">\n\t\t\t\t\t<div class=\"elementor-image\">\n\t\t\t\t\t\t\t\t\t\t<img loading=\"lazy\" decoding=\"async\" width=\"1920\" height=\"892\" src=\"https:\/\/www.geridonusumtesisi.com\/wp-content\/uploads\/korkmaz_hurda_geri_donusum_tesisi_kucuk.jpg\" class=\"attachment-2048x2048 size-2048x2048\" alt=\"\" srcset=\"https:\/\/www.geridonusumtesisi.com\/wp-content\/uploads\/korkmaz_hurda_geri_donusum_tesisi_kucuk.jpg 1920w, https:\/\/www.geridonusumtesisi.com\/wp-content\/uploads\/korkmaz_hurda_geri_donusum_tesisi_kucuk-300x139.jpg 300w, https:\/\/www.geridonusumtesisi.com\/wp-content\/uploads\/korkmaz_hurda_geri_donusum_tesisi_kucuk-1024x476.jpg 1024w, https:\/\/www.geridonusumtesisi.com\/wp-content\/uploads\/korkmaz_hurda_geri_donusum_tesisi_kucuk-768x357.jpg 768w, https:\/\/www.geridonusumtesisi.com\/wp-content\/uploads\/korkmaz_hurda_geri_donusum_tesisi_kucuk-1536x714.jpg 1536w\" sizes=\"auto, (max-width: 1920px) 100vw, 1920px\" \/>\t\t\t\t\t\t\t\t\t\t\t<\/div>\n\t\t\t\t<\/div>\n\t\t\t\t<\/div>\n\t\t\t\t\t<\/div>\n\t\t<\/div>\n\t\t\t\t\t\t\t<\/div>\n\t\t<\/section>\n\t\t\t\t<section class=\"elementor-section elementor-top-section elementor-element elementor-element-bf46330 elementor-section-boxed elementor-section-height-default elementor-section-height-default\" data-id=\"bf46330\" data-element_type=\"section\">\n\t\t\t\t\t\t<div class=\"elementor-container elementor-column-gap-default\">\n\t\t\t\t\t<div class=\"elementor-column elementor-col-33 elementor-top-column elementor-element elementor-element-d2978ef\" data-id=\"d2978ef\" data-element_type=\"column\">\n\t\t\t<div class=\"elementor-widget-wrap elementor-element-populated\">\n\t\t\t\t\t\t\t\t<div class=\"elementor-element elementor-element-b659038 elementor-widget elementor-widget-image\" data-id=\"b659038\" data-element_type=\"widget\" data-widget_type=\"image.default\">\n\t\t\t\t<div class=\"elementor-widget-container\">\n\t\t\t\t\t<div class=\"elementor-image\">\n\t\t\t\t\t\t\t\t\t\t<img loading=\"lazy\" decoding=\"async\" width=\"650\" height=\"432\" src=\"https:\/\/www.geridonusumtesisi.com\/wp-content\/uploads\/bakir_hurda_alim_satim__geri_donusum_ankara_650.jpg\" class=\"attachment-large size-large\" alt=\"Ankara Korkmaz Hurda Geri D\u00f6n\u00fc\u015f\u00fcm Bak\u0131r Hurda Al\u0131m Sat\u0131m\" srcset=\"https:\/\/www.geridonusumtesisi.com\/wp-content\/uploads\/bakir_hurda_alim_satim__geri_donusum_ankara_650.jpg 650w, https:\/\/www.geridonusumtesisi.com\/wp-content\/uploads\/bakir_hurda_alim_satim__geri_donusum_ankara_650-300x199.jpg 300w\" sizes=\"auto, (max-width: 650px) 100vw, 650px\" \/>\t\t\t\t\t\t\t\t\t\t\t<\/div>\n\t\t\t\t<\/div>\n\t\t\t\t<\/div>\n\t\t\t\t<div class=\"elementor-element elementor-element-11c66ad elementor-widget elementor-widget-heading\" data-id=\"11c66ad\" data-element_type=\"widget\" data-widget_type=\"heading.default\">\n\t\t\t\t<div class=\"elementor-widget-container\">\n\t\t\t<h2 class=\"elementor-heading-title elementor-size-default\">Bak\u0131r Hurda Al\u0131m Sat\u0131m Geri D\u00f6n\u00fc\u015f\u00fcm<\/h2>\t\t<\/div>\n\t\t\t\t<\/div>\n\t\t\t\t<div class=\"elementor-element elementor-element-50423e6 elementor-widget elementor-widget-text-editor\" data-id=\"50423e6\" data-element_type=\"widget\" data-widget_type=\"text-editor.default\">\n\t\t\t\t<div class=\"elementor-widget-container\">\n\t\t\t\t\t<div class=\"elementor-text-editor elementor-clearfix\"><p>Bak\u0131r hurdalar\u0131n\u0131z geri d\u00f6n\u00fc\u015f\u00fcme kazand\u0131r\u0131lmak \u00fczere g\u00fcncel de\u011ferlerinden kendi ara\u00e7lar\u0131m\u0131z ile yerinde al\u0131n\u0131r.<\/p><\/div>\n\t\t\t\t<\/div>\n\t\t\t\t<\/div>\n\t\t\t\t\t<\/div>\n\t\t<\/div>\n\t\t\t\t<div class=\"elementor-column elementor-col-33 elementor-top-column elementor-element elementor-element-87934fd\" data-id=\"87934fd\" data-element_type=\"column\">\n\t\t\t<div class=\"elementor-widget-wrap elementor-element-populated\">\n\t\t\t\t\t\t\t\t<div class=\"elementor-element elementor-element-daca777 elementor-widget elementor-widget-image\" data-id=\"daca777\" data-element_type=\"widget\" data-widget_type=\"image.default\">\n\t\t\t\t<div class=\"elementor-widget-container\">\n\t\t\t\t\t<div class=\"elementor-image\">\n\t\t\t\t\t\t\t\t\t\t<img loading=\"lazy\" decoding=\"async\" width=\"1024\" height=\"685\" src=\"https:\/\/www.geridonusumtesisi.com\/wp-content\/uploads\/pirinc_hurda_geri_donusum-1024x685.jpg\" class=\"attachment-large size-large\" alt=\"\" srcset=\"https:\/\/www.geridonusumtesisi.com\/wp-content\/uploads\/pirinc_hurda_geri_donusum-1024x685.jpg 1024w, https:\/\/www.geridonusumtesisi.com\/wp-content\/uploads\/pirinc_hurda_geri_donusum-300x201.jpg 300w, https:\/\/www.geridonusumtesisi.com\/wp-content\/uploads\/pirinc_hurda_geri_donusum-768x514.jpg 768w, https:\/\/www.geridonusumtesisi.com\/wp-content\/uploads\/pirinc_hurda_geri_donusum.jpg 1280w\" sizes=\"auto, (max-width: 1024px) 100vw, 1024px\" \/>\t\t\t\t\t\t\t\t\t\t\t<\/div>\n\t\t\t\t<\/div>\n\t\t\t\t<\/div>\n\t\t\t\t<div class=\"elementor-element elementor-element-fb0dedf elementor-widget elementor-widget-heading\" data-id=\"fb0dedf\" data-element_type=\"widget\" data-widget_type=\"heading.default\">\n\t\t\t\t<div class=\"elementor-widget-container\">\n\t\t\t<h2 class=\"elementor-heading-title elementor-size-default\">Pirin\u00e7 Hurda Al\u0131m Sat\u0131m Geri D\u00f6n\u00fc\u015f\u00fcm<\/h2>\t\t<\/div>\n\t\t\t\t<\/div>\n\t\t\t\t<div class=\"elementor-element elementor-element-ad3778b elementor-widget elementor-widget-text-editor\" data-id=\"ad3778b\" data-element_type=\"widget\" data-widget_type=\"text-editor.default\">\n\t\t\t\t<div class=\"elementor-widget-container\">\n\t\t\t\t\t<div class=\"elementor-text-editor elementor-clearfix\"><p>Pirin\u00e7 hurdalar\u0131n\u0131z geri d\u00f6n\u00fc\u015f\u00fcme kazand\u0131r\u0131lmak \u00fczere g\u00fcncel de\u011ferlerinden kendi ara\u00e7lar\u0131m\u0131z ile yerinde al\u0131n\u0131r.<\/p><\/div>\n\t\t\t\t<\/div>\n\t\t\t\t<\/div>\n\t\t\t\t\t<\/div>\n\t\t<\/div>\n\t\t\t\t<div class=\"elementor-column elementor-col-33 elementor-top-column elementor-element elementor-element-f286974\" data-id=\"f286974\" data-element_type=\"column\">\n\t\t\t<div class=\"elementor-widget-wrap elementor-element-populated\">\n\t\t\t\t\t\t\t\t<div class=\"elementor-element elementor-element-7a3182f elementor-widget elementor-widget-image\" data-id=\"7a3182f\" data-element_type=\"widget\" data-widget_type=\"image.default\">\n\t\t\t\t<div class=\"elementor-widget-container\">\n\t\t\t\t\t<div class=\"elementor-image\">\n\t\t\t\t\t\t\t\t\t\t<img decoding=\"async\" src=\"https:\/\/www.geridonusumtesisi.com\/wp-content\/uploads\/otomotiv_makine_yedek_parca_hurda_geridonusum_650.jpg\" title=\"Tar\u0131m Makine Otomotiv Metal Hurda Geri D\u00f6n\u00fc\u015f\u00fcm\" alt=\"Tar\u0131m Makine Otomotiv Metal Hurda Geri D\u00f6n\u00fc\u015f\u00fcm\" \/>\t\t\t\t\t\t\t\t\t\t\t<\/div>\n\t\t\t\t<\/div>\n\t\t\t\t<\/div>\n\t\t\t\t<div class=\"elementor-element elementor-element-1d0530d elementor-widget elementor-widget-heading\" data-id=\"1d0530d\" data-element_type=\"widget\" data-widget_type=\"heading.default\">\n\t\t\t\t<div class=\"elementor-widget-container\">\n\t\t\t<h2 class=\"elementor-heading-title elementor-size-default\">Makine Otomotiv Hurda Al\u0131m Sat\u0131m Geri D\u00f6n\u00fc\u015f\u00fcm<\/h2>\t\t<\/div>\n\t\t\t\t<\/div>\n\t\t\t\t<div class=\"elementor-element elementor-element-e0f7e98 elementor-widget elementor-widget-text-editor\" data-id=\"e0f7e98\" data-element_type=\"widget\" data-widget_type=\"text-editor.default\">\n\t\t\t\t<div class=\"elementor-widget-container\">\n\t\t\t\t\t<div class=\"elementor-text-editor elementor-clearfix\"><p>\u0130\u015f Makineleri,Tar\u0131m makineleri,otomotiv\u00a0 hurdalar\u0131n\u0131z geri d\u00f6n\u00fc\u015f\u00fcme kazand\u0131r\u0131lmak \u00fczere g\u00fcncel de\u011ferlerinden kendi ara\u00e7lar\u0131m\u0131z ile yerinde al\u0131n\u0131r.<\/p><\/div>\n\t\t\t\t<\/div>\n\t\t\t\t<\/div>\n\t\t\t\t\t<\/div>\n\t\t<\/div>\n\t\t\t\t\t\t\t<\/div>\n\t\t<\/section>\n\t\t\t\t<section class=\"elementor-section elementor-top-section elementor-element elementor-element-6edaba7 elementor-section-boxed elementor-section-height-default elementor-section-height-default\" data-id=\"6edaba7\" data-element_type=\"section\">\n\t\t\t\t\t\t<div class=\"elementor-container elementor-column-gap-default\">\n\t\t\t\t\t<div class=\"elementor-column elementor-col-50 elementor-top-column elementor-element elementor-element-7e69e38\" data-id=\"7e69e38\" data-element_type=\"column\">\n\t\t\t<div class=\"elementor-widget-wrap elementor-element-populated\">\n\t\t\t\t\t\t\t\t<div class=\"elementor-element elementor-element-87c010f elementor-widget elementor-widget-image\" data-id=\"87c010f\" data-element_type=\"widget\" data-widget_type=\"image.default\">\n\t\t\t\t<div class=\"elementor-widget-container\">\n\t\t\t\t\t<div class=\"elementor-image\">\n\t\t\t\t\t\t\t\t\t\t<img loading=\"lazy\" decoding=\"async\" width=\"650\" height=\"430\" src=\"https:\/\/www.geridonusumtesisi.com\/wp-content\/uploads\/endustriyel_metal_talas_hurda_imalat_geri_donusum_650.jpg\" class=\"attachment-large size-large\" alt=\"End\u00fcstriyel Metal Tala\u015f Hurda geri d\u00f6n\u00fc\u015f\u00fcm al\u0131m sat\u0131m\" srcset=\"https:\/\/www.geridonusumtesisi.com\/wp-content\/uploads\/endustriyel_metal_talas_hurda_imalat_geri_donusum_650.jpg 650w, https:\/\/www.geridonusumtesisi.com\/wp-content\/uploads\/endustriyel_metal_talas_hurda_imalat_geri_donusum_650-300x198.jpg 300w\" sizes=\"auto, (max-width: 650px) 100vw, 650px\" \/>\t\t\t\t\t\t\t\t\t\t\t<\/div>\n\t\t\t\t<\/div>\n\t\t\t\t<\/div>\n\t\t\t\t\t<\/div>\n\t\t<\/div>\n\t\t\t\t<div class=\"elementor-column elementor-col-50 elementor-top-column elementor-element elementor-element-374e7e4\" data-id=\"374e7e4\" data-element_type=\"column\">\n\t\t\t<div class=\"elementor-widget-wrap elementor-element-populated\">\n\t\t\t\t\t\t\t\t<div class=\"elementor-element elementor-element-98d10f3 elementor-widget elementor-widget-heading\" data-id=\"98d10f3\" data-element_type=\"widget\" data-widget_type=\"heading.default\">\n\t\t\t\t<div class=\"elementor-widget-container\">\n\t\t\t<h2 class=\"elementor-heading-title elementor-size-default\">Metal Tala\u015f,Bronz,Sar\u0131 ,Aluminyum,Demir,\u00c7elik  Hurda Al\u0131m Sat\u0131m Geri D\u00f6n\u00fc\u015f\u00fcm<\/h2>\t\t<\/div>\n\t\t\t\t<\/div>\n\t\t\t\t<div class=\"elementor-element elementor-element-f156aeb elementor-widget elementor-widget-text-editor\" data-id=\"f156aeb\" data-element_type=\"widget\" data-widget_type=\"text-editor.default\">\n\t\t\t\t<div class=\"elementor-widget-container\">\n\t\t\t\t\t<div class=\"elementor-text-editor elementor-clearfix\"><p>End\u00fcstriyel imalat metal tala\u015f hurdalar\u0131n\u0131z (demir,\u00e7elik,pirin\u00e7,sar\u0131,bak\u0131r,) hurdalar\u0131n\u0131z geri d\u00f6n\u00fc\u015f\u00fcme kazand\u0131r\u0131lmak \u00fczere <b>g\u00fcncel de\u011ferlerinden kendi ara\u00e7lar\u0131m\u0131z ile yerinde al\u0131n\u0131r.<\/b><\/p><\/div>\n\t\t\t\t<\/div>\n\t\t\t\t<\/div>\n\t\t\t\t\t<\/div>\n\t\t<\/div>\n\t\t\t\t\t\t\t<\/div>\n\t\t<\/section>\n\t\t\t\t<section class=\"elementor-section elementor-top-section elementor-element elementor-element-d77c06a elementor-section-full_width elementor-section-height-default elementor-section-height-default\" data-id=\"d77c06a\" data-element_type=\"section\" data-settings=\"{&quot;background_background&quot;:&quot;classic&quot;}\">\n\t\t\t\t\t\t<div class=\"elementor-container elementor-column-gap-default\">\n\t\t\t\t\t<div class=\"elementor-column elementor-col-33 elementor-top-column elementor-element elementor-element-070ec5f\" data-id=\"070ec5f\" data-element_type=\"column\">\n\t\t\t<div class=\"elementor-widget-wrap elementor-element-populated\">\n\t\t\t\t\t\t\t\t<div class=\"elementor-element elementor-element-29513b4 elementor-widget elementor-widget-heading\" data-id=\"29513b4\" data-element_type=\"widget\" data-widget_type=\"heading.default\">\n\t\t\t\t<div class=\"elementor-widget-container\">\n\t\t\t<h2 class=\"elementor-heading-title elementor-size-default\">Korkmaz Hurda Geri D\u00f6n\u00fc\u015f\u00fcm Hurda Al\u0131m Sat\u0131m Merkezi<\/h2>\t\t<\/div>\n\t\t\t\t<\/div>\n\t\t\t\t<div class=\"elementor-element elementor-element-c331208 elementor-widget elementor-widget-text-editor\" data-id=\"c331208\" data-element_type=\"widget\" data-widget_type=\"text-editor.default\">\n\t\t\t\t<div class=\"elementor-widget-container\">\n\t\t\t\t\t<div class=\"elementor-text-editor elementor-clearfix\"><p>Adres :\u00a0<br \/>Telefon :\u00a0<br \/>E-Posta : info@geridonusumtesisi.com<br \/>Web :\u00a0<br \/>Gsm :\u00a0<\/p><\/div>\n\t\t\t\t<\/div>\n\t\t\t\t<\/div>\n\t\t\t\t\t<\/div>\n\t\t<\/div>\n\t\t\t\t<div class=\"elementor-column elementor-col-33 elementor-top-column elementor-element elementor-element-492d150\" data-id=\"492d150\" data-element_type=\"column\">\n\t\t\t<div class=\"elementor-widget-wrap elementor-element-populated\">\n\t\t\t\t\t\t\t\t<div class=\"elementor-element elementor-element-9019658 elementor-widget elementor-widget-heading\" data-id=\"9019658\" data-element_type=\"widget\" data-widget_type=\"heading.default\">\n\t\t\t\t<div class=\"elementor-widget-container\">\n\t\t\t<h2 class=\"elementor-heading-title elementor-size-default\">H\u0130ZMETLER\u0130M\u0130Z<\/h2>\t\t<\/div>\n\t\t\t\t<\/div>\n\t\t\t\t<div class=\"elementor-element elementor-element-6fee5eb elementor-widget elementor-widget-text-editor\" data-id=\"6fee5eb\" data-element_type=\"widget\" data-widget_type=\"text-editor.default\">\n\t\t\t\t<div class=\"elementor-widget-container\">\n\t\t\t\t\t<div class=\"elementor-text-editor elementor-clearfix\"><p>Hurda Al\u0131m Merkezi<br \/>Geri D\u00f6n\u00fc\u015f\u00fcm Merkezi\u00a0<br \/>Hurda Al\u0131m Sat\u0131m<br \/>G\u00fcncel Hurda Fiyatlar\u0131<br \/>Demir,\u00c7elik,Hurda tala\u015f,<br \/>\u0130\u015f makineleri hurda al\u0131m<br \/>Tar\u0131m makinalar\u0131 hurda al\u0131m<br \/>Otomotiv Hurda Geri D\u00f6n\u00fc\u015f\u00fcm<br \/>Metal hurda al\u0131m sat\u0131m geri d\u00f6n\u00fc\u015f\u00fcm<\/p><\/div>\n\t\t\t\t<\/div>\n\t\t\t\t<\/div>\n\t\t\t\t\t<\/div>\n\t\t<\/div>\n\t\t\t\t<div class=\"elementor-column elementor-col-33 elementor-top-column elementor-element elementor-element-c90d443\" data-id=\"c90d443\" data-element_type=\"column\">\n\t\t\t<div class=\"elementor-widget-wrap elementor-element-populated\">\n\t\t\t\t\t\t\t\t<div class=\"elementor-element elementor-element-3b3f8c1 elementor-widget elementor-widget-text-editor\" data-id=\"3b3f8c1\" data-element_type=\"widget\" data-widget_type=\"text-editor.default\">\n\t\t\t\t<div class=\"elementor-widget-container\">\n\t\t\t\t\t<div class=\"elementor-text-editor elementor-clearfix\"><iframe src=\"https:\/\/www.google.com\/maps\/embed?pb=!1m18!1m12!1m3!1d764.141770129071!2d32.73279282924933!3d39.99577899871353!2m3!1f0!2f0!3f0!3m2!1i1024!2i768!4f13.1!3m3!1m2!1s0x0%3A0x0!2zMznCsDU5JzQ0LjgiTiAzMsKwNDQnMDAuMCJF!5e0!3m2!1str!2str!4v1618657062244!5m2!1str!2str\" width=\"600\" height=\"450\" style=\"border:0;\" allowfullscreen=\"\" loading=\"lazy\"><\/iframe><\/div>\n\t\t\t\t<\/div>\n\t\t\t\t<\/div>\n\t\t\t\t\t<\/div>\n\t\t<\/div>\n\t\t\t\t\t\t\t<\/div>\n\t\t<\/section>\n\t\t\t\t\t\t<\/div>\n\t\t\t\t\t<\/div>\n\t\t","protected":false},"excerpt":{"rendered":"<p>Bak\u0131r Hurda Al\u0131m Sat\u0131m Geri D\u00f6n\u00fc\u015f\u00fcm Bak\u0131r hurdalar\u0131n\u0131z geri d\u00f6n\u00fc\u015f\u00fcme kazand\u0131r\u0131lmak \u00fczere g\u00fcncel de\u011ferlerinden kendi ara\u00e7lar\u0131m\u0131z ile yerinde al\u0131n\u0131r. Pirin\u00e7 Hurda Al\u0131m Sat\u0131m Geri D\u00f6n\u00fc\u015f\u00fcm Pirin\u00e7 hurdalar\u0131n\u0131z geri d\u00f6n\u00fc\u015f\u00fcme kazand\u0131r\u0131lmak \u00fczere g\u00fcncel de\u011ferlerinden kendi ara\u00e7lar\u0131m\u0131z ile yerinde al\u0131n\u0131r. Makine Otomotiv Hurda Al\u0131m Sat\u0131m Geri D\u00f6n\u00fc\u015f\u00fcm \u0130\u015f Makineleri,Tar\u0131m makineleri,otomotiv\u00a0 hurdalar\u0131n\u0131z geri d\u00f6n\u00fc\u015f\u00fcme kazand\u0131r\u0131lmak \u00fczere g\u00fcncel de\u011ferlerinden [&hellip;]<\/p>\n","protected":false},"author":1,"featured_media":0,"parent":0,"menu_order":0,"comment_status":"closed","ping_status":"closed","template":"elementor_header_footer","meta":{"footnotes":""},"class_list":["post-5","page","type-page","status-publish","hentry"],"yoast_head":"<!-- This site is optimized with the Yoast SEO plugin v16.1.1 - https:\/\/yoast.com\/wordpress\/plugins\/seo\/ -->\n<title>Geri D\u00f6n\u00fc\u015f\u00fcm Tesisi - Korkmaz Hurda<\/title>\n<link rel=\"canonical\" href=\"https:\/\/www.geridonusumtesisi.com\/\" \/>\n<meta property=\"og:locale\" content=\"tr_TR\" \/>\n<meta property=\"og:type\" content=\"article\" \/>\n<meta property=\"og:title\" content=\"Geri D\u00f6n\u00fc\u015f\u00fcm Tesisi - Korkmaz Hurda\" \/>\n<meta property=\"og:description\" content=\"Bak\u0131r Hurda Al\u0131m Sat\u0131m Geri D\u00f6n\u00fc\u015f\u00fcm Bak\u0131r hurdalar\u0131n\u0131z geri d\u00f6n\u00fc\u015f\u00fcme kazand\u0131r\u0131lmak \u00fczere g\u00fcncel de\u011ferlerinden kendi ara\u00e7lar\u0131m\u0131z ile yerinde al\u0131n\u0131r. Pirin\u00e7 Hurda Al\u0131m Sat\u0131m Geri D\u00f6n\u00fc\u015f\u00fcm Pirin\u00e7 hurdalar\u0131n\u0131z geri d\u00f6n\u00fc\u015f\u00fcme kazand\u0131r\u0131lmak \u00fczere g\u00fcncel de\u011ferlerinden kendi ara\u00e7lar\u0131m\u0131z ile yerinde al\u0131n\u0131r. Makine Otomotiv Hurda Al\u0131m Sat\u0131m Geri D\u00f6n\u00fc\u015f\u00fcm \u0130\u015f Makineleri,Tar\u0131m makineleri,otomotiv\u00a0 hurdalar\u0131n\u0131z geri d\u00f6n\u00fc\u015f\u00fcme kazand\u0131r\u0131lmak \u00fczere g\u00fcncel de\u011ferlerinden [&hellip;]\" \/>\n<meta property=\"og:url\" content=\"https:\/\/www.geridonusumtesisi.com\/\" \/>\n<meta property=\"og:site_name\" content=\"Korkmaz Hurda\" \/>\n<meta property=\"article:modified_time\" content=\"2021-04-17T11:06:30+00:00\" \/>\n<meta property=\"og:image\" content=\"http:\/\/www.geridonusumtesisi.com\/wp-content\/uploads\/korkmaz_hurda_geri_donusum_tesisi_kucuk.jpg\" \/>\n<meta name=\"twitter:card\" content=\"summary_large_image\" \/>\n<meta name=\"twitter:label1\" content=\"Tahmini okuma s\u00fcresi\">\n\t<meta name=\"twitter:data1\" content=\"2 dakika\">\n<script type=\"application\/ld+json\" class=\"yoast-schema-graph\">{\"@context\":\"https:\/\/schema.org\",\"@graph\":[{\"@type\":\"WebSite\",\"@id\":\"https:\/\/www.geridonusumtesisi.com\/#website\",\"url\":\"https:\/\/www.geridonusumtesisi.com\/\",\"name\":\"Korkmaz Hurda\",\"description\":\"Geri D&ouml;n&uuml;\\u015f&uuml;m\",\"potentialAction\":[{\"@type\":\"SearchAction\",\"target\":\"https:\/\/www.geridonusumtesisi.com\/?s={search_term_string}\",\"query-input\":\"required name=search_term_string\"}],\"inLanguage\":\"tr\"},{\"@type\":\"ImageObject\",\"@id\":\"https:\/\/www.geridonusumtesisi.com\/#primaryimage\",\"inLanguage\":\"tr\",\"url\":\"http:\/\/www.geridonusumtesisi.com\/wp-content\/uploads\/korkmaz_hurda_geri_donusum_tesisi_kucuk.jpg\",\"contentUrl\":\"http:\/\/www.geridonusumtesisi.com\/wp-content\/uploads\/korkmaz_hurda_geri_donusum_tesisi_kucuk.jpg\"},{\"@type\":\"WebPage\",\"@id\":\"https:\/\/www.geridonusumtesisi.com\/#webpage\",\"url\":\"https:\/\/www.geridonusumtesisi.com\/\",\"name\":\"Geri D\\u00f6n\\u00fc\\u015f\\u00fcm Tesisi - Korkmaz Hurda\",\"isPartOf\":{\"@id\":\"https:\/\/www.geridonusumtesisi.com\/#website\"},\"primaryImageOfPage\":{\"@id\":\"https:\/\/www.geridonusumtesisi.com\/#primaryimage\"},\"datePublished\":\"2021-04-16T10:43:33+00:00\",\"dateModified\":\"2021-04-17T11:06:30+00:00\",\"breadcrumb\":{\"@id\":\"https:\/\/www.geridonusumtesisi.com\/#breadcrumb\"},\"inLanguage\":\"tr\",\"potentialAction\":[{\"@type\":\"ReadAction\",\"target\":[\"https:\/\/www.geridonusumtesisi.com\/\"]}]},{\"@type\":\"BreadcrumbList\",\"@id\":\"https:\/\/www.geridonusumtesisi.com\/#breadcrumb\",\"itemListElement\":[{\"@type\":\"ListItem\",\"position\":1,\"item\":{\"@type\":\"WebPage\",\"@id\":\"https:\/\/www.geridonusumtesisi.com\/\",\"url\":\"https:\/\/www.geridonusumtesisi.com\/\",\"name\":\"Anasayfa\"}},{\"@type\":\"ListItem\",\"position\":2,\"item\":{\"@type\":\"WebPage\",\"@id\":\"https:\/\/www.geridonusumtesisi.com\/\",\"url\":\"https:\/\/www.geridonusumtesisi.com\/\",\"name\":\"Geri D\\u00f6n\\u00fc\\u015f\\u00fcm Tesisi\"}}]}]}<\/script>\n<!-- \/ Yoast SEO plugin. -->","_links":{"self":[{"href":"https:\/\/www.geridonusumtesisi.com\/index.php?rest_route=\/wp\/v2\/pages\/5","targetHints":{"allow":["GET"]}}],"collection":[{"href":"https:\/\/www.geridonusumtesisi.com\/index.php?rest_route=\/wp\/v2\/pages"}],"about":[{"href":"https:\/\/www.geridonusumtesisi.com\/index.php?rest_route=\/wp\/v2\/types\/page"}],"author":[{"embeddable":true,"href":"https:\/\/www.geridonusumtesisi.com\/index.php?rest_route=\/wp\/v2\/users\/1"}],"replies":[{"embeddable":true,"href":"https:\/\/www.geridonusumtesisi.com\/index.php?rest_route=%2Fwp%2Fv2%2Fcomments&post=5"}],"version-history":[{"count":73,"href":"https:\/\/www.geridonusumtesisi.com\/index.php?rest_route=\/wp\/v2\/pages\/5\/revisions"}],"predecessor-version":[{"id":93,"href":"https:\/\/www.geridonusumtesisi.com\/index.php?rest_route=\/wp\/v2\/pages\/5\/revisions\/93"}],"wp:attachment":[{"href":"https:\/\/www.geridonusumtesisi.com\/index.php?rest_route=%2Fwp%2Fv2%2Fmedia&parent=5"}],"curies":[{"name":"wp","href":"https:\/\/api.w.org\/{rel}","templated":true}]}}